{"id":5857,"date":"2026-02-07T00:12:10","date_gmt":"2026-02-06T23:12:10","guid":{"rendered":"https:\/\/www.leroger.com\/contact\/"},"modified":"2026-02-16T15:51:40","modified_gmt":"2026-02-16T14:51:40","slug":"contact","status":"publish","type":"page","link":"https:\/\/www.leroger.com\/nl\/contact\/","title":{"rendered":"Contact"},"content":{"rendered":"\t\t<div data-elementor-type=\"wp-page\" data-elementor-id=\"5857\" class=\"elementor elementor-5857 elementor-5251\" data-elementor-settings=\"{&quot;ha_cmc_init_switcher&quot;:&quot;no&quot;}\" data-elementor-post-type=\"page\">\n\t\t\t\t<div class=\"elementor-element elementor-element-37393b1 e-con-full e-flex e-con e-parent\" data-id=\"37393b1\" data-element_type=\"container\" data-settings=\"{&quot;_ha_eqh_enable&quot;:false}\">\n\t\t\t\t<div class=\"elementor-element elementor-element-9c905fc elementor-widget elementor-widget-template\" data-id=\"9c905fc\" data-element_type=\"widget\" data-widget_type=\"template.default\">\n\t\t\t\t<div class=\"elementor-widget-container\">\n\t\t\t\t\t\t\t<div class=\"elementor-template\">\n\t\t\t\t\t<div data-elementor-type=\"section\" data-elementor-id=\"606\" class=\"elementor elementor-606\" data-elementor-settings=\"{&quot;ha_cmc_init_switcher&quot;:&quot;no&quot;}\" data-elementor-post-type=\"elementor_library\">\n\t\t\t<div class=\"elementor-element elementor-element-e947bd4 e-con-full e-flex e-con e-parent\" data-id=\"e947bd4\" data-element_type=\"container\" data-settings=\"{&quot;_ha_eqh_enable&quot;:false}\">\n\t\t<div class=\"elementor-element elementor-element-a5fe654 e-flex e-con-boxed e-con e-child\" data-id=\"a5fe654\" data-element_type=\"container\" data-settings=\"{&quot;background_background&quot;:&quot;classic&quot;,&quot;_ha_eqh_enable&quot;:false}\">\n\t\t\t\t\t<div class=\"e-con-inner\">\n\t\t<div class=\"elementor-element elementor-element-3d7b655 e-flex e-con-boxed e-con e-child\" data-id=\"3d7b655\" data-element_type=\"container\" data-settings=\"{&quot;_ha_eqh_enable&quot;:false}\">\n\t\t\t\t\t<div class=\"e-con-inner\">\n\t\t\t\t\t<\/div>\n\t\t\t\t<\/div>\n\t\t\t\t\t<\/div>\n\t\t\t\t<\/div>\n\t\t\t\t<\/div>\n\t\t\t\t<\/div>\n\t\t\t\t<\/div>\n\t\t\t\t\t\t<\/div>\n\t\t\t\t<\/div>\n\t\t\t\t<\/div>\n\t\t<div class=\"elementor-element elementor-element-8b5a276 e-con-full e-flex e-con e-parent\" data-id=\"8b5a276\" data-element_type=\"container\" data-settings=\"{&quot;background_background&quot;:&quot;classic&quot;,&quot;_ha_eqh_enable&quot;:false}\">\n\t\t<div class=\"elementor-element elementor-element-5e28432 e-flex e-con-boxed e-con e-child\" data-id=\"5e28432\" data-element_type=\"container\" data-settings=\"{&quot;_ha_eqh_enable&quot;:false}\">\n\t\t\t\t\t<div class=\"e-con-inner\">\n\t\t<div class=\"elementor-element elementor-element-12c24b8 e-con-full e-flex elementor-invisible e-con e-child\" data-id=\"12c24b8\" data-element_type=\"container\" data-settings=\"{&quot;animation&quot;:&quot;fadeInUp&quot;,&quot;_ha_eqh_enable&quot;:false}\">\n\t\t\t\t<div class=\"elementor-element elementor-element-2cbe88c elementor-view-default elementor-position-block-start elementor-mobile-position-block-start elementor-widget elementor-widget-icon-box\" data-id=\"2cbe88c\" data-element_type=\"widget\" data-widget_type=\"icon-box.default\">\n\t\t\t\t\t\t\t<div class=\"elementor-icon-box-wrapper\">\n\n\t\t\t\t\t\t<div class=\"elementor-icon-box-icon\">\n\t\t\t\t<a href=\"tel:+32486877255\" class=\"elementor-icon elementor-animation-grow\" tabindex=\"-1\" aria-label=\"+32 486 87 72 55\">\n\t\t\t\t<svg aria-hidden=\"true\" class=\"e-font-icon-svg e-fas-phone-alt\" viewBox=\"0 0 512 512\" xmlns=\"http:\/\/www.w3.org\/2000\/svg\"><path d=\"M497.39 361.8l-112-48a24 24 0 0 0-28 6.9l-49.6 60.6A370.66 370.66 0 0 1 130.6 204.11l60.6-49.6a23.94 23.94 0 0 0 6.9-28l-48-112A24.16 24.16 0 0 0 122.6.61l-104 24A24 24 0 0 0 0 48c0 256.5 207.9 464 464 464a24 24 0 0 0 23.4-18.6l24-104a24.29 24.29 0 0 0-14.01-27.6z\"><\/path><\/svg>\t\t\t\t<\/a>\n\t\t\t<\/div>\n\t\t\t\n\t\t\t\t\t\t<div class=\"elementor-icon-box-content\">\n\n\t\t\t\t\t\t\t\t\t<span class=\"elementor-icon-box-title\">\n\t\t\t\t\t\t<a href=\"tel:+32486877255\" >\n\t\t\t\t\t\t\t+32 486 87 72 55\t\t\t\t\t\t<\/a>\n\t\t\t\t\t<\/span>\n\t\t\t\t\n\t\t\t\t\t\t\t\t\t<p class=\"elementor-icon-box-description\">\n\t\t\t\t\t\tBel ons\t\t\t\t\t<\/p>\n\t\t\t\t\n\t\t\t<\/div>\n\t\t\t\n\t\t<\/div>\n\t\t\t\t\t\t<\/div>\n\t\t\t\t<\/div>\n\t\t<div class=\"elementor-element elementor-element-87b0109 e-con-full e-flex elementor-invisible e-con e-child\" data-id=\"87b0109\" data-element_type=\"container\" data-settings=\"{&quot;animation&quot;:&quot;fadeInUp&quot;,&quot;_ha_eqh_enable&quot;:false}\">\n\t\t\t\t<div class=\"elementor-element elementor-element-1453987 elementor-view-default elementor-position-block-start elementor-mobile-position-block-start elementor-widget elementor-widget-icon-box\" data-id=\"1453987\" data-element_type=\"widget\" data-widget_type=\"icon-box.default\">\n\t\t\t\t\t\t\t<div class=\"elementor-icon-box-wrapper\">\n\n\t\t\t\t\t\t<div class=\"elementor-icon-box-icon\">\n\t\t\t\t<a href=\"mailto:contact@leroger.com\" class=\"elementor-icon elementor-animation-grow\" tabindex=\"-1\" aria-label=\"contact@leroger.com\">\n\t\t\t\t<svg aria-hidden=\"true\" class=\"e-font-icon-svg e-far-envelope\" viewBox=\"0 0 512 512\" xmlns=\"http:\/\/www.w3.org\/2000\/svg\"><path d=\"M464 64H48C21.49 64 0 85.49 0 112v288c0 26.51 21.49 48 48 48h416c26.51 0 48-21.49 48-48V112c0-26.51-21.49-48-48-48zm0 48v40.805c-22.422 18.259-58.168 46.651-134.587 106.49-16.841 13.247-50.201 45.072-73.413 44.701-23.208.375-56.579-31.459-73.413-44.701C106.18 199.465 70.425 171.067 48 152.805V112h416zM48 400V214.398c22.914 18.251 55.409 43.862 104.938 82.646 21.857 17.205 60.134 55.186 103.062 54.955 42.717.231 80.509-37.199 103.053-54.947 49.528-38.783 82.032-64.401 104.947-82.653V400H48z\"><\/path><\/svg>\t\t\t\t<\/a>\n\t\t\t<\/div>\n\t\t\t\n\t\t\t\t\t\t<div class=\"elementor-icon-box-content\">\n\n\t\t\t\t\t\t\t\t\t<span class=\"elementor-icon-box-title\">\n\t\t\t\t\t\t<a href=\"mailto:contact@leroger.com\" >\n\t\t\t\t\t\t\tcontact@leroger.com\t\t\t\t\t\t<\/a>\n\t\t\t\t\t<\/span>\n\t\t\t\t\n\t\t\t\t\t\t\t\t\t<p class=\"elementor-icon-box-description\">\n\t\t\t\t\t\tInformatieaanvraag\t\t\t\t\t<\/p>\n\t\t\t\t\n\t\t\t<\/div>\n\t\t\t\n\t\t<\/div>\n\t\t\t\t\t\t<\/div>\n\t\t\t\t<\/div>\n\t\t<div class=\"elementor-element elementor-element-a25979f e-con-full elementor-hidden-desktop elementor-hidden-tablet elementor-hidden-mobile e-flex elementor-invisible e-con e-child\" data-id=\"a25979f\" data-element_type=\"container\" data-settings=\"{&quot;animation&quot;:&quot;fadeInUp&quot;,&quot;_ha_eqh_enable&quot;:false}\">\n\t\t\t\t<div class=\"elementor-element elementor-element-34ccca7 elementor-view-default elementor-position-block-start elementor-mobile-position-block-start elementor-widget elementor-widget-icon-box\" data-id=\"34ccca7\" data-element_type=\"widget\" data-widget_type=\"icon-box.default\">\n\t\t\t\t\t\t\t<div class=\"elementor-icon-box-wrapper\">\n\n\t\t\t\t\t\t<div class=\"elementor-icon-box-icon\">\n\t\t\t\t<a href=\"mailto:sav@leroger.com\" class=\"elementor-icon elementor-animation-grow\" tabindex=\"-1\" aria-label=\"sav@leroger.com\">\n\t\t\t\t<svg aria-hidden=\"true\" class=\"e-font-icon-svg e-far-comment\" viewBox=\"0 0 512 512\" xmlns=\"http:\/\/www.w3.org\/2000\/svg\"><path d=\"M256 32C114.6 32 0 125.1 0 240c0 47.6 19.9 91.2 52.9 126.3C38 405.7 7 439.1 6.5 439.5c-6.6 7-8.4 17.2-4.6 26S14.4 480 24 480c61.5 0 110-25.7 139.1-46.3C192 442.8 223.2 448 256 448c141.4 0 256-93.1 256-208S397.4 32 256 32zm0 368c-26.7 0-53.1-4.1-78.4-12.1l-22.7-7.2-19.5 13.8c-14.3 10.1-33.9 21.4-57.5 29 7.3-12.1 14.4-25.7 19.9-40.2l10.6-28.1-20.6-21.8C69.7 314.1 48 282.2 48 240c0-88.2 93.3-160 208-160s208 71.8 208 160-93.3 160-208 160z\"><\/path><\/svg>\t\t\t\t<\/a>\n\t\t\t<\/div>\n\t\t\t\n\t\t\t\t\t\t<div class=\"elementor-icon-box-content\">\n\n\t\t\t\t\t\t\t\t\t<span class=\"elementor-icon-box-title\">\n\t\t\t\t\t\t<a href=\"mailto:sav@leroger.com\" >\n\t\t\t\t\t\t\tsav@leroger.com\t\t\t\t\t\t<\/a>\n\t\t\t\t\t<\/span>\n\t\t\t\t\n\t\t\t\t\t\t\t\t\t<p class=\"elementor-icon-box-description\">\n\t\t\t\t\t\tSAV\t\t\t\t\t<\/p>\n\t\t\t\t\n\t\t\t<\/div>\n\t\t\t\n\t\t<\/div>\n\t\t\t\t\t\t<\/div>\n\t\t\t\t<\/div>\n\t\t\t\t\t<\/div>\n\t\t\t\t<\/div>\n\t\t\t\t<\/div>\n\t\t<div class=\"elementor-element elementor-element-b301f26 e-flex e-con-boxed e-con e-parent\" data-id=\"b301f26\" data-element_type=\"container\" data-settings=\"{&quot;background_background&quot;:&quot;classic&quot;,&quot;_ha_eqh_enable&quot;:false}\">\n\t\t\t\t\t<div class=\"e-con-inner\">\n\t\t<div class=\"elementor-element elementor-element-1b0a0c9 e-flex e-con-boxed e-con e-child\" data-id=\"1b0a0c9\" data-element_type=\"container\" data-settings=\"{&quot;background_background&quot;:&quot;classic&quot;,&quot;_ha_eqh_enable&quot;:false}\">\n\t\t\t\t\t<div class=\"e-con-inner\">\n\t\t\t\t<div class=\"elementor-element elementor-element-1a3d396 elementor-invisible elementor-widget elementor-widget-heading\" data-id=\"1a3d396\" data-element_type=\"widget\" data-settings=\"{&quot;_animation&quot;:&quot;fadeInLeft&quot;}\" data-widget_type=\"heading.default\">\n\t\t\t\t\t<h2 class=\"elementor-heading-title elementor-size-default\">Snel contact<\/h2>\t\t\t\t<\/div>\n\t\t\t\t<div class=\"elementor-element elementor-element-7109f8e elementor-widget elementor-widget-wpforms\" data-id=\"7109f8e\" data-element_type=\"widget\" data-widget_type=\"wpforms.default\">\n\t\t\t\t<div class=\"elementor-widget-container\">\n\t\t\t\t\t<div class=\"wpforms-container wpforms-container-full wpforms-render-modern\" id=\"wpforms-1247\"><form id=\"wpforms-form-1247\" class=\"wpforms-validate wpforms-form wpforms-ajax-form\" data-formid=\"1247\" method=\"post\" enctype=\"multipart\/form-data\" action=\"\/nl\/wp-json\/wp\/v2\/pages\/5857\" data-token=\"1f1aa650acb554fa0dc3b6f9e2a9b0ad\" data-token-time=\"1777439047\"><noscript class=\"wpforms-error-noscript\">Schakel JavaScript in je browser in om dit formulier in te vullen.<\/noscript><div id=\"wpforms-error-noscript\" style=\"display: none;\">Schakel JavaScript in je browser in om dit formulier in te vullen.<\/div><div class=\"wpforms-field-container\"><div id=\"wpforms-1247-field_1-container\" class=\"wpforms-field wpforms-field-layout\" data-field-id=\"1\"><div class=\"wpforms-field-layout-rows wpforms-field-large\"><div class=\"wpforms-layout-row\"><div class=\"wpforms-layout-column wpforms-layout-column-50\"><div id=\"wpforms-1247-field_2-container\" class=\"wpforms-field wpforms-field-text\" data-field-id=\"2\"><label class=\"wpforms-field-label\" for=\"wpforms-1247-field_2\">Naam <span class=\"wpforms-required-label\" aria-hidden=\"true\">*<\/span><\/label><input type=\"text\" id=\"wpforms-1247-field_2\" class=\"wpforms-field-medium wpforms-field-required\" name=\"wpforms[fields][2]\" aria-errormessage=\"wpforms-1247-field_2-error\" required><\/div><\/div><div class=\"wpforms-layout-column wpforms-layout-column-50\"><div id=\"wpforms-1247-field_3-container\" class=\"wpforms-field wpforms-field-text\" data-field-id=\"3\"><label class=\"wpforms-field-label\" for=\"wpforms-1247-field_3\">Voornaam <span class=\"wpforms-required-label\" aria-hidden=\"true\">*<\/span><\/label><input type=\"text\" id=\"wpforms-1247-field_3\" class=\"wpforms-field-medium wpforms-field-required\" name=\"wpforms[fields][3]\" aria-errormessage=\"wpforms-1247-field_3-error\" required><\/div><\/div><\/div><\/div><\/div><div id=\"wpforms-1247-field_4-container\" class=\"wpforms-field wpforms-field-layout\" data-field-id=\"4\"><div class=\"wpforms-field-layout-rows wpforms-field-large\"><div class=\"wpforms-layout-row\"><div class=\"wpforms-layout-column wpforms-layout-column-50\"><div id=\"wpforms-1247-field_5-container\" class=\"wpforms-field wpforms-field-phone\" data-field-id=\"5\"><label class=\"wpforms-field-label\" for=\"wpforms-1247-field_5\">Telefoon <span class=\"wpforms-required-label\" aria-hidden=\"true\">*<\/span><\/label><input type=\"tel\" id=\"wpforms-1247-field_5\" class=\"wpforms-field-medium wpforms-field-required wpforms-smart-phone-field\" data-rule-smart-phone-field=\"true\" name=\"wpforms[fields][5]\" aria-label=\"Telefoon\" aria-errormessage=\"wpforms-1247-field_5-error\" required><\/div><\/div><div class=\"wpforms-layout-column wpforms-layout-column-50\"><div id=\"wpforms-1247-field_6-container\" class=\"wpforms-field wpforms-field-email\" data-field-id=\"6\"><label class=\"wpforms-field-label\" for=\"wpforms-1247-field_6\">E-mail <span class=\"wpforms-required-label\" aria-hidden=\"true\">*<\/span><\/label><input type=\"email\" id=\"wpforms-1247-field_6\" class=\"wpforms-field-medium wpforms-field-required\" name=\"wpforms[fields][6]\" spellcheck=\"false\" aria-errormessage=\"wpforms-1247-field_6-error\" required><\/div><\/div><\/div><\/div><\/div>\t\t<div id=\"wpforms-1247-field_8-container\"\n\t\t\tclass=\"wpforms-field wpforms-field-text\"\n\t\t\tdata-field-type=\"text\"\n\t\t\tdata-field-id=\"8\"\n\t\t\t>\n\t\t\t<label class=\"wpforms-field-label\" for=\"wpforms-1247-field_8\" >Naam E-mail page<\/label>\n\t\t\t<input type=\"text\" id=\"wpforms-1247-field_8\" class=\"wpforms-field-medium\" name=\"wpforms[fields][8]\" >\n\t\t<\/div>\n\t\t<div id=\"wpforms-1247-field_7-container\" class=\"wpforms-field wpforms-field-textarea\" data-field-id=\"7\"><label class=\"wpforms-field-label\" for=\"wpforms-1247-field_7\">Bericht <span class=\"wpforms-required-label\" aria-hidden=\"true\">*<\/span><\/label><textarea id=\"wpforms-1247-field_7\" class=\"wpforms-field-medium wpforms-field-required\" name=\"wpforms[fields][7]\" aria-errormessage=\"wpforms-1247-field_7-error\" aria-describedby=\"wpforms-1247-field_7-description\" required><\/textarea><div id=\"wpforms-1247-field_7-description\" class=\"wpforms-field-description\">Beschrijf uw behoeften<\/div><\/div><script>\n\t\t\t\t( function() {\n\t\t\t\t\tconst style = document.createElement( 'style' );\n\t\t\t\t\tstyle.appendChild( document.createTextNode( '#wpforms-1247-field_8-container { position: absolute !important; overflow: hidden !important; display: inline !important; height: 1px !important; width: 1px !important; z-index: -1000 !important; padding: 0 !important; } #wpforms-1247-field_8-container input { visibility: hidden; } #wpforms-conversational-form-page #wpforms-1247-field_8-container label { counter-increment: none; }' ) );\n\t\t\t\t\tdocument.head.appendChild( style );\n\t\t\t\t\tdocument.currentScript?.remove();\n\t\t\t\t} )();\n\t\t\t<\/script><\/div><!-- .wpforms-field-container --><div class=\"wpforms-recaptcha-container wpforms-is-hcaptcha\" >\t\t<input\n\t\t\t\ttype=\"hidden\"\n\t\t\t\tclass=\"hcaptcha-widget-id\"\n\t\t\t\tname=\"hcaptcha-widget-id\"\n\t\t\t\tvalue=\"eyJzb3VyY2UiOlsid3Bmb3Jtc1wvd3Bmb3Jtcy5waHAiLCJ3cGZvcm1zLWxpdGVcL3dwZm9ybXMucGhwIl0sImZvcm1faWQiOjEyNDd9-341d0e67eda2485454b66f1e9c44f7c0\">\n\t\t\t\t<h-captcha\n\t\t\tclass=\"h-captcha\"\n\t\t\tdata-sitekey=\"15f021c0-147a-4446-ba7c-5a76b1543914\"\n\t\t\tdata-theme=\"light\"\n\t\t\tdata-size=\"normal\"\n\t\t\tdata-auto=\"false\"\n\t\t\tdata-ajax=\"false\"\n\t\t\tdata-force=\"false\">\n\t\t<\/h-captcha>\n\t\t<input type=\"hidden\" id=\"hcaptcha_wpforms_nonce\" name=\"hcaptcha_wpforms_nonce\" value=\"f0db359e7b\" \/><input type=\"hidden\" name=\"_wp_http_referer\" value=\"\/nl\/wp-json\/wp\/v2\/pages\/5857\" \/><\/div><div class=\"wpforms-submit-container\" ><input type=\"hidden\" name=\"wpforms[id]\" value=\"1247\"><input type=\"hidden\" name=\"page_title\" value=\"\"><input type=\"hidden\" name=\"page_url\" value=\"https:\/\/www.leroger.com\/nl\/wp-json\/wp\/v2\/pages\/5857\"><input type=\"hidden\" name=\"url_referer\" value=\"\"><button type=\"submit\" name=\"wpforms[submit]\" id=\"wpforms-submit-1247\" class=\"wpforms-submit\" data-alt-text=\"Verzenden...\" data-submit-text=\"Versturen\" aria-live=\"assertive\" value=\"wpforms-submit\">Versturen<\/button><img decoding=\"async\" src=\"https:\/\/www.leroger.com\/wp-content\/plugins\/wpforms\/assets\/images\/submit-spin.svg\" class=\"wpforms-submit-spinner\" style=\"display: none;\" width=\"26\" height=\"26\" alt=\"Aan het laden\"><\/div><\/form><\/div>  <!-- .wpforms-container -->\t\t\t\t<\/div>\n\t\t\t\t<\/div>\n\t\t\t\t\t<\/div>\n\t\t\t\t<\/div>\n\t\t\t\t\t<\/div>\n\t\t\t\t<\/div>\n\t\t\t\t<\/div>\n\t\t","protected":false},"excerpt":{"rendered":"<p>+32 486 87 72 55 Bel ons contact@leroger.com Informatieaanvraag sav@leroger.com SAV Snel contact Veuillez activer JavaScript dans votre navigateur pour remplir ce formulaire.Veuillez activer JavaScript dans votre navigateur pour remplir ce formulaire.Nom *Pr\u00e9nom * Mise en page T\u00e9l\u00e9phone *E-mail *Message *D\u00e9crivez nous vos besoins Envoyer<\/p>\n","protected":false},"author":5,"featured_media":5859,"parent":0,"menu_order":0,"comment_status":"closed","ping_status":"closed","template":"elementor_header_footer","meta":{"_acf_changed":false,"footnotes":""},"class_list":["post-5857","page","type-page","status-publish","has-post-thumbnail","hentry"],"acf":[],"yoast_head":"<!-- This site is optimized with the Yoast SEO plugin v26.8 - https:\/\/yoast.com\/product\/yoast-seo-wordpress\/ -->\n<title>Contact - Le Roger<\/title>\n<meta name=\"robots\" content=\"index, follow, max-snippet:-1, max-image-preview:large, max-video-preview:-1\" \/>\n<link rel=\"canonical\" href=\"https:\/\/www.leroger.com\/nl\/contact\/\" \/>\n<meta property=\"og:locale\" content=\"nl_NL\" \/>\n<meta property=\"og:type\" content=\"article\" \/>\n<meta property=\"og:title\" content=\"Contact - Le Roger\" \/>\n<meta property=\"og:description\" content=\"+32 486 87 72 55 Bel ons contact@leroger.com Informatieaanvraag sav@leroger.com SAV Snel contact Veuillez activer JavaScript dans votre navigateur pour remplir ce formulaire.Veuillez activer JavaScript dans votre navigateur pour remplir ce formulaire.Nom *Pr\u00e9nom * Mise en page T\u00e9l\u00e9phone *E-mail *Message *D\u00e9crivez nous vos besoins Envoyer\" \/>\n<meta property=\"og:url\" content=\"https:\/\/www.leroger.com\/nl\/contact\/\" \/>\n<meta property=\"og:site_name\" content=\"Le Roger\" \/>\n<meta property=\"article:publisher\" content=\"https:\/\/www.facebook.com\/profile.php?id=61586678754425\" \/>\n<meta property=\"article:modified_time\" content=\"2026-02-16T14:51:40+00:00\" \/>\n<meta property=\"og:image\" content=\"https:\/\/www.leroger.com\/wp-content\/uploads\/2026\/02\/AdobeStock_267103119.jpeg\" \/>\n\t<meta property=\"og:image:width\" content=\"1900\" \/>\n\t<meta property=\"og:image:height\" content=\"1267\" \/>\n\t<meta property=\"og:image:type\" content=\"image\/jpeg\" \/>\n<meta name=\"twitter:card\" content=\"summary_large_image\" \/>\n<script type=\"application\/ld+json\" class=\"yoast-schema-graph\">{\"@context\":\"https:\/\/schema.org\",\"@graph\":[{\"@type\":\"WebPage\",\"@id\":\"https:\/\/www.leroger.com\/nl\/contact\/\",\"url\":\"https:\/\/www.leroger.com\/nl\/contact\/\",\"name\":\"Contact - Le Roger\",\"isPartOf\":{\"@id\":\"https:\/\/www.leroger.com\/nl\/#website\"},\"primaryImageOfPage\":{\"@id\":\"https:\/\/www.leroger.com\/nl\/contact\/#primaryimage\"},\"image\":{\"@id\":\"https:\/\/www.leroger.com\/nl\/contact\/#primaryimage\"},\"thumbnailUrl\":\"https:\/\/www.leroger.com\/wp-content\/uploads\/2026\/02\/AdobeStock_267103119.jpeg\",\"datePublished\":\"2026-02-06T23:12:10+00:00\",\"dateModified\":\"2026-02-16T14:51:40+00:00\",\"breadcrumb\":{\"@id\":\"https:\/\/www.leroger.com\/nl\/contact\/#breadcrumb\"},\"inLanguage\":\"nl-NL\",\"potentialAction\":[{\"@type\":\"ReadAction\",\"target\":[\"https:\/\/www.leroger.com\/nl\/contact\/\"]}]},{\"@type\":\"ImageObject\",\"inLanguage\":\"nl-NL\",\"@id\":\"https:\/\/www.leroger.com\/nl\/contact\/#primaryimage\",\"url\":\"https:\/\/www.leroger.com\/wp-content\/uploads\/2026\/02\/AdobeStock_267103119.jpeg\",\"contentUrl\":\"https:\/\/www.leroger.com\/wp-content\/uploads\/2026\/02\/AdobeStock_267103119.jpeg\",\"width\":1900,\"height\":1267},{\"@type\":\"BreadcrumbList\",\"@id\":\"https:\/\/www.leroger.com\/nl\/contact\/#breadcrumb\",\"itemListElement\":[{\"@type\":\"ListItem\",\"position\":1,\"name\":\"Home\",\"item\":\"https:\/\/www.leroger.com\/nl\/\"},{\"@type\":\"ListItem\",\"position\":2,\"name\":\"Contact\"}]},{\"@type\":\"WebSite\",\"@id\":\"https:\/\/www.leroger.com\/nl\/#website\",\"url\":\"https:\/\/www.leroger.com\/nl\/\",\"name\":\"Le Roger\",\"description\":\"Improve your life\",\"publisher\":{\"@id\":\"https:\/\/www.leroger.com\/nl\/#organization\"},\"potentialAction\":[{\"@type\":\"SearchAction\",\"target\":{\"@type\":\"EntryPoint\",\"urlTemplate\":\"https:\/\/www.leroger.com\/nl\/?s={search_term_string}\"},\"query-input\":{\"@type\":\"PropertyValueSpecification\",\"valueRequired\":true,\"valueName\":\"search_term_string\"}}],\"inLanguage\":\"nl-NL\"},{\"@type\":\"Organization\",\"@id\":\"https:\/\/www.leroger.com\/nl\/#organization\",\"name\":\"Le Roger\",\"url\":\"https:\/\/www.leroger.com\/nl\/\",\"logo\":{\"@type\":\"ImageObject\",\"inLanguage\":\"nl-NL\",\"@id\":\"https:\/\/www.leroger.com\/nl\/#\/schema\/logo\/image\/\",\"url\":\"https:\/\/www.leroger.com\/wp-content\/uploads\/2025\/10\/Logo-Le-Roger_Couleur_RGB.jpg\",\"contentUrl\":\"https:\/\/www.leroger.com\/wp-content\/uploads\/2025\/10\/Logo-Le-Roger_Couleur_RGB.jpg\",\"width\":1771,\"height\":1771,\"caption\":\"Le Roger\"},\"image\":{\"@id\":\"https:\/\/www.leroger.com\/nl\/#\/schema\/logo\/image\/\"},\"sameAs\":[\"https:\/\/www.facebook.com\/profile.php?id=61586678754425\",\"https:\/\/www.linkedin.com\/company\/le-roger\/?viewAsMember=true\"]}]}<\/script>\n<!-- \/ Yoast SEO plugin. -->","yoast_head_json":{"title":"Contact - Le Roger","robots":{"index":"index","follow":"follow","max-snippet":"max-snippet:-1","max-image-preview":"max-image-preview:large","max-video-preview":"max-video-preview:-1"},"canonical":"https:\/\/www.leroger.com\/nl\/contact\/","og_locale":"nl_NL","og_type":"article","og_title":"Contact - Le Roger","og_description":"+32 486 87 72 55 Bel ons contact@leroger.com Informatieaanvraag sav@leroger.com SAV Snel contact Veuillez activer JavaScript dans votre navigateur pour remplir ce formulaire.Veuillez activer JavaScript dans votre navigateur pour remplir ce formulaire.Nom *Pr\u00e9nom * Mise en page T\u00e9l\u00e9phone *E-mail *Message *D\u00e9crivez nous vos besoins Envoyer","og_url":"https:\/\/www.leroger.com\/nl\/contact\/","og_site_name":"Le Roger","article_publisher":"https:\/\/www.facebook.com\/profile.php?id=61586678754425","article_modified_time":"2026-02-16T14:51:40+00:00","og_image":[{"width":1900,"height":1267,"url":"https:\/\/www.leroger.com\/wp-content\/uploads\/2026\/02\/AdobeStock_267103119.jpeg","type":"image\/jpeg"}],"twitter_card":"summary_large_image","schema":{"@context":"https:\/\/schema.org","@graph":[{"@type":"WebPage","@id":"https:\/\/www.leroger.com\/nl\/contact\/","url":"https:\/\/www.leroger.com\/nl\/contact\/","name":"Contact - Le Roger","isPartOf":{"@id":"https:\/\/www.leroger.com\/nl\/#website"},"primaryImageOfPage":{"@id":"https:\/\/www.leroger.com\/nl\/contact\/#primaryimage"},"image":{"@id":"https:\/\/www.leroger.com\/nl\/contact\/#primaryimage"},"thumbnailUrl":"https:\/\/www.leroger.com\/wp-content\/uploads\/2026\/02\/AdobeStock_267103119.jpeg","datePublished":"2026-02-06T23:12:10+00:00","dateModified":"2026-02-16T14:51:40+00:00","breadcrumb":{"@id":"https:\/\/www.leroger.com\/nl\/contact\/#breadcrumb"},"inLanguage":"nl-NL","potentialAction":[{"@type":"ReadAction","target":["https:\/\/www.leroger.com\/nl\/contact\/"]}]},{"@type":"ImageObject","inLanguage":"nl-NL","@id":"https:\/\/www.leroger.com\/nl\/contact\/#primaryimage","url":"https:\/\/www.leroger.com\/wp-content\/uploads\/2026\/02\/AdobeStock_267103119.jpeg","contentUrl":"https:\/\/www.leroger.com\/wp-content\/uploads\/2026\/02\/AdobeStock_267103119.jpeg","width":1900,"height":1267},{"@type":"BreadcrumbList","@id":"https:\/\/www.leroger.com\/nl\/contact\/#breadcrumb","itemListElement":[{"@type":"ListItem","position":1,"name":"Home","item":"https:\/\/www.leroger.com\/nl\/"},{"@type":"ListItem","position":2,"name":"Contact"}]},{"@type":"WebSite","@id":"https:\/\/www.leroger.com\/nl\/#website","url":"https:\/\/www.leroger.com\/nl\/","name":"Le Roger","description":"Improve your life","publisher":{"@id":"https:\/\/www.leroger.com\/nl\/#organization"},"potentialAction":[{"@type":"SearchAction","target":{"@type":"EntryPoint","urlTemplate":"https:\/\/www.leroger.com\/nl\/?s={search_term_string}"},"query-input":{"@type":"PropertyValueSpecification","valueRequired":true,"valueName":"search_term_string"}}],"inLanguage":"nl-NL"},{"@type":"Organization","@id":"https:\/\/www.leroger.com\/nl\/#organization","name":"Le Roger","url":"https:\/\/www.leroger.com\/nl\/","logo":{"@type":"ImageObject","inLanguage":"nl-NL","@id":"https:\/\/www.leroger.com\/nl\/#\/schema\/logo\/image\/","url":"https:\/\/www.leroger.com\/wp-content\/uploads\/2025\/10\/Logo-Le-Roger_Couleur_RGB.jpg","contentUrl":"https:\/\/www.leroger.com\/wp-content\/uploads\/2025\/10\/Logo-Le-Roger_Couleur_RGB.jpg","width":1771,"height":1771,"caption":"Le Roger"},"image":{"@id":"https:\/\/www.leroger.com\/nl\/#\/schema\/logo\/image\/"},"sameAs":["https:\/\/www.facebook.com\/profile.php?id=61586678754425","https:\/\/www.linkedin.com\/company\/le-roger\/?viewAsMember=true"]}]}},"_links":{"self":[{"href":"https:\/\/www.leroger.com\/nl\/wp-json\/wp\/v2\/pages\/5857","targetHints":{"allow":["GET"]}}],"collection":[{"href":"https:\/\/www.leroger.com\/nl\/wp-json\/wp\/v2\/pages"}],"about":[{"href":"https:\/\/www.leroger.com\/nl\/wp-json\/wp\/v2\/types\/page"}],"author":[{"embeddable":true,"href":"https:\/\/www.leroger.com\/nl\/wp-json\/wp\/v2\/users\/5"}],"replies":[{"embeddable":true,"href":"https:\/\/www.leroger.com\/nl\/wp-json\/wp\/v2\/comments?post=5857"}],"version-history":[{"count":2,"href":"https:\/\/www.leroger.com\/nl\/wp-json\/wp\/v2\/pages\/5857\/revisions"}],"predecessor-version":[{"id":6703,"href":"https:\/\/www.leroger.com\/nl\/wp-json\/wp\/v2\/pages\/5857\/revisions\/6703"}],"wp:featuredmedia":[{"embeddable":true,"href":"https:\/\/www.leroger.com\/nl\/wp-json\/wp\/v2\/media\/5859"}],"wp:attachment":[{"href":"https:\/\/www.leroger.com\/nl\/wp-json\/wp\/v2\/media?parent=5857"}],"curies":[{"name":"wp","href":"https:\/\/api.w.org\/{rel}","templated":true}]}}